{"id":1044,"date":"2021-06-24T07:25:17","date_gmt":"2021-06-24T07:25:17","guid":{"rendered":"http:\/\/lsrobotics.com\/en\/team-layout-04-copy-copy-copy\/"},"modified":"2023-02-26T22:34:12","modified_gmt":"2023-02-26T22:34:12","slug":"case-studies-03","status":"publish","type":"page","link":"http:\/\/lsrobotics.com\/en\/case-studies-03\/","title":{"rendered":"\u00dcR\u00dcNLER"},"content":{"rendered":"\t\t<div data-elementor-type=\"wp-page\" data-elementor-id=\"1044\" class=\"elementor elementor-1044\">\n\t\t\t\t\t\t<section class=\"elementor-section elementor-top-section elementor-element elementor-element-2defa14 elementor-section-stretched elementor-section-boxed elementor-section-height-default elementor-section-height-default rt-parallax-bg-no\" data-id=\"2defa14\" data-element_type=\"section\" data-e-type=\"section\" data-settings=\"{&quot;stretch_section&quot;:&quot;section-stretched&quot;,&quot;background_background&quot;:&quot;classic&quot;}\">\n\t\t\t\t\t\t<div class=\"elementor-container elementor-column-gap-default\">\n\t\t\t\t\t<div class=\"elementor-column elementor-col-100 elementor-top-column elementor-element elementor-element-f41d7a8\" data-id=\"f41d7a8\" data-element_type=\"column\" data-e-type=\"column\">\n\t\t\t<div class=\"elementor-widget-wrap elementor-element-populated\">\n\t\t\t\t\t\t<div class=\"elementor-element elementor-element-03ddcd5 elementor-invisible elementor-widget elementor-widget-rt-case-study\" data-id=\"03ddcd5\" data-element_type=\"widget\" data-e-type=\"widget\" data-widget_type=\"rt-case-study.default\">\n\t\t\t\t<div class=\"elementor-widget-container\">\n\t\t\t\t\t<div class=\"case-default case-multi-layout-3 case-layout3\">\n\t<div class=\"row \">\t\n\t\t\t<\/div>\n\t\t\t\t\t<\/div>\t\t\t\t<\/div>\n\t\t\t\t<\/div>\n\t\t\t\t<div class=\"elementor-element elementor-element-a1659ae elementor-invisible elementor-widget elementor-widget-rt-case-study\" data-id=\"a1659ae\" data-element_type=\"widget\" data-e-type=\"widget\" data-widget_type=\"rt-case-study.default\">\n\t\t\t\t<div class=\"elementor-widget-container\">\n\t\t\t\t\t<div class=\"case-default case-multi-layout-3 case-layout3\">\n\t<div class=\"row \">\t\n\t\t\t<\/div>\n\t\t\t\t\t<\/div>\t\t\t\t<\/div>\n\t\t\t\t<\/div>\n\t\t\t\t<div class=\"elementor-element elementor-element-c09023e elementor-invisible elementor-widget elementor-widget-rt-case-study\" data-id=\"c09023e\" data-element_type=\"widget\" data-e-type=\"widget\" data-widget_type=\"rt-case-study.default\">\n\t\t\t\t<div class=\"elementor-widget-container\">\n\t\t\t\t\t<div class=\"case-default case-multi-layout-3 case-layout3\">\n\t<div class=\"row \">\t\n\t\t\t<\/div>\n\t\t\t\t\t<\/div>\t\t\t\t<\/div>\n\t\t\t\t<\/div>\n\t\t\t\t<div class=\"elementor-element elementor-element-288d2eb elementor-invisible elementor-widget elementor-widget-rt-case-study\" data-id=\"288d2eb\" data-element_type=\"widget\" data-e-type=\"widget\" data-widget_type=\"rt-case-study.default\">\n\t\t\t\t<div class=\"elementor-widget-container\">\n\t\t\t\t\t<div class=\"case-default case-multi-layout-3 case-layout3\">\n\t<div class=\"row \">\t\n\t\t\t<\/div>\n\t\t\t\t\t<\/div>\t\t\t\t<\/div>\n\t\t\t\t<\/div>\n\t\t\t\t\t<\/div>\n\t\t<\/div>\n\t\t\t\t\t<\/div>\n\t\t<\/section>\n\t\t\t\t<\/div>\n\t\t","protected":false},"excerpt":{"rendered":"<p>&nbsp; YERL\u0130 ROBOT &nbsp; YERL\u0130 ROBOT 2 &nbsp; BRO\u015e\u00dcR &nbsp; MOTOR 2023 &nbsp;<\/p>\n","protected":false},"author":1,"featured_media":0,"parent":0,"menu_order":0,"comment_status":"closed","ping_status":"closed","template":"","meta":{"_monsterinsights_skip_tracking":false,"_monsterinsights_sitenote_active":false,"_monsterinsights_sitenote_note":"","_monsterinsights_sitenote_category":0,"footnotes":""},"class_list":["post-1044","page","type-page","status-publish","hentry"],"aioseo_notices":[],"_links":{"self":[{"href":"http:\/\/lsrobotics.com\/en\/wp-json\/wp\/v2\/pages\/1044","targetHints":{"allow":["GET"]}}],"collection":[{"href":"http:\/\/lsrobotics.com\/en\/wp-json\/wp\/v2\/pages"}],"about":[{"href":"http:\/\/lsrobotics.com\/en\/wp-json\/wp\/v2\/types\/page"}],"author":[{"embeddable":true,"href":"http:\/\/lsrobotics.com\/en\/wp-json\/wp\/v2\/users\/1"}],"replies":[{"embeddable":true,"href":"http:\/\/lsrobotics.com\/en\/wp-json\/wp\/v2\/comments?post=1044"}],"version-history":[{"count":4,"href":"http:\/\/lsrobotics.com\/en\/wp-json\/wp\/v2\/pages\/1044\/revisions"}],"predecessor-version":[{"id":7506,"href":"http:\/\/lsrobotics.com\/en\/wp-json\/wp\/v2\/pages\/1044\/revisions\/7506"}],"wp:attachment":[{"href":"http:\/\/lsrobotics.com\/en\/wp-json\/wp\/v2\/media?parent=1044"}],"curies":[{"name":"wp","href":"https:\/\/api.w.org\/{rel}","templated":true}]}}