{"id":2406,"date":"2021-07-02T06:58:30","date_gmt":"2021-07-02T06:58:30","guid":{"rendered":"http:\/\/lsrobotics.com\/en\/?page_id=2406"},"modified":"2026-02-11T17:35:46","modified_gmt":"2026-02-11T14:35:46","slug":"contact","status":"publish","type":"page","link":"https:\/\/lsrobotics.com\/en\/contact\/","title":{"rendered":"Contact"},"content":{"rendered":"<style>\/*! elementor - v3.11.0 - 08-02-2023 *\/<br \/>.elementor-heading-title{padding:0;margin:0;line-height:1}.elementor-widget-heading .elementor-heading-title[class*=elementor-size-]>a{color:inherit;font-size:inherit;line-height:inherit}.elementor-widget-heading .elementor-heading-title.elementor-size-small{font-size:15px}.elementor-widget-heading .elementor-heading-title.elementor-size-medium{font-size:19px}.elementor-widget-heading .elementor-heading-title.elementor-size-large{font-size:29px}.elementor-widget-heading .elementor-heading-title.elementor-size-xl{font-size:39px}.elementor-widget-heading .elementor-heading-title.elementor-size-xxl{font-size:59px}<\/style>\n<h2>Central Manufacturing<\/h2>\n<style>\/*! elementor - v3.11.0 - 08-02-2023 *\/<br \/>.elementor-widget-divider{--divider-border-style:none;--divider-border-width:1px;--divider-color:#2c2c2c;--divider-icon-size:20px;--divider-element-spacing:10px;--divider-pattern-height:24px;--divider-pattern-size:20px;--divider-pattern-url:none;--divider-pattern-repeat:repeat-x}.elementor-widget-divider .elementor-divider{display:flex}.elementor-widget-divider .elementor-divider__text{font-size:15px;line-height:1;max-width:95%}.elementor-widget-divider .elementor-divider__element{margin:0 var(--divider-element-spacing);flex-shrink:0}.elementor-widget-divider .elementor-icon{font-size:var(--divider-icon-size)}.elementor-widget-divider .elementor-divider-separator{display:flex;margin:0;direction:ltr}.elementor-widget-divider--view-line_icon .elementor-divider-separator,.elementor-widget-divider--view-line_text .elementor-divider-separator{align-items:center}.elementor-widget-divider--view-line_icon .elementor-divider-separator:after,.elementor-widget-divider--view-line_icon .elementor-divider-separator:before,.elementor-widget-divider--view-line_text .elementor-divider-separator:after,.elementor-widget-divider--view-line_text .elementor-divider-separator:before{display:block;content:\"\";border-bottom:0;flex-grow:1;border-top:var(--divider-border-width) var(--divider-border-style) var(--divider-color)}.elementor-widget-divider--element-align-left .elementor-divider .elementor-divider-separator>.elementor-divider__svg:first-of-type{flex-grow:0;flex-shrink:100}.elementor-widget-divider--element-align-left .elementor-divider-separator:before{content:none}.elementor-widget-divider--element-align-left .elementor-divider__element{margin-left:0}.elementor-widget-divider--element-align-right .elementor-divider .elementor-divider-separator>.elementor-divider__svg:last-of-type{flex-grow:0;flex-shrink:100}.elementor-widget-divider--element-align-right .elementor-divider-separator:after{content:none}.elementor-widget-divider--element-align-right .elementor-divider__element{margin-right:0}.elementor-widget-divider:not(.elementor-widget-divider--view-line_text):not(.elementor-widget-divider--view-line_icon) .elementor-divider-separator{border-top:var(--divider-border-width) var(--divider-border-style) var(--divider-color)}.elementor-widget-divider--separator-type-pattern{--divider-border-style:none}.elementor-widget-divider--separator-type-pattern.elementor-widget-divider--view-line .elementor-divider-separator,.elementor-widget-divider--separator-type-pattern:not(.elementor-widget-divider--view-line) .elementor-divider-separator:after,.elementor-widget-divider--separator-type-pattern:not(.elementor-widget-divider--view-line) .elementor-divider-separator:before,.elementor-widget-divider--separator-type-pattern:not([class*=elementor-widget-divider--view]) .elementor-divider-separator{width:100%;min-height:var(--divider-pattern-height);-webkit-mask-size:var(--divider-pattern-size) 100%;mask-size:var(--divider-pattern-size) 100%;-webkit-mask-repeat:var(--divider-pattern-repeat);mask-repeat:var(--divider-pattern-repeat);background-color:var(--divider-color);-webkit-mask-image:var(--divider-pattern-url);mask-image:var(--divider-pattern-url)}.elementor-widget-divider--no-spacing{--divider-pattern-size:auto}.elementor-widget-divider--bg-round{--divider-pattern-repeat:round}.rtl .elementor-widget-divider .elementor-divider__text{direction:rtl}.e-con-inner>.elementor-widget-divider,.e-con>.elementor-widget-divider{width:var(--container-widget-width,100%);--flex-grow:var(--container-widget-flex-grow)}<\/style>\n<h3>Address<\/h3>\n<p>LS ROBOT\u0130CS MAK\u0130NA \u0130MALAT \u0130THALAT \u0130HRACAT T\u0130CARET L\u0130M\u0130TED \u015e\u0130RKET\u0130<\/p>\n<p>Fevzi \u00e7akmak mah. Zonguldak sk. No: 10APEND\u0130K\/\u0130STANBUL<\/p>\n<h3>Email<\/h3>\n<p><a href=\"bilgi@lsrobotics.com\">bilgi@lsrobotics.com<\/a><\/p>\n<h3>Phone<\/h3>\n<p><a href=\"tel:+905323423496\"> +90 553 745 97 02<\/a><\/p>\n<p><a href=\"tel:02165960595\"> 0216 596 0 595<\/a><\/p>\n<h2>Branch<\/h2>\n<h3>Rok Makina M\u00fchendislik<\/h3>\n<h3>Address<\/h3>\n<p>Orhangazi Mah.Mimsan San.Sit.1715 Sk.No:18<\/p>\n<p>Esenyurt\/\u0130ST<\/p>\n<h3>Email<\/h3>\n<p><a href=\"info@rokmakina.com\">info@rokmakina.com<\/a><\/p>\n<h3>Phone<\/h3>\n<p><a href=\"tel:+905414293530\">+90 541 429 35 30<\/a><\/p>\n<h2>European Distributor<\/h2>\n<h3>Address<\/h3>\n<p>Bleis Unipessoal, Lda.<br \/>\nTravessa do Pereiro 48<br \/>\n4765-357<br \/>\nOliveira Santa Maria<\/p>\n<h3>Email<\/h3>\n<p><a href=\"liliana@bleis.pt\">liliana@bleis.pt<\/a><\/p>\n<h3>Phone<\/h3>\n<p><a href=\"tel:+351917673810\"> +351917673810<\/a><\/p>\n<h2>Service<\/h2>\n<h3>Address<\/h3>\n<p>Fevzi \u00e7akmak mah. Zonguldak sk. No: 10APEND\u0130K\/\u0130STANBUL<\/p>\n<h3>Email<\/h3>\n<p><a href=\"servis@lsrobotics.com\">servis@lsrobotics.com<\/a><\/p>\n<h3>Phone<\/h3>\n<p><a href=\"tel:+905323423496\"> +90 553 745 97 02<\/a><\/p>\n<h3>Authorized person<\/h3>\n<p>Murat KUPCUOGLU<br \/>\n<a href=\"tel:+905415680708\"> +905415680708<\/a><\/p>\n<p><a href=\"servis@lsrobotics.com\">servis@lsrobotics.com<\/a><\/p>\n<h2 data-wow-delay=\"1.2s\" data-wow-duration=\"1s\">FREQUENTLY ASKED QUESTIONS<\/h2>\n<h2 id=\"rtaccordion-canitkeepupwiththeprintingmachineintermsoftime\"><button type=\"button\" data-bs-toggle=\"collapse\" data-bs-target=\"#rtaccordion-collapse-canitkeepupwiththeprintingmachineintermsoftime\" aria-expanded=\"true\"><br \/>\nCan it keep up with the printing machine in terms of time? <\/button><\/h2>\n<p>In an appropriate position and with the right print size, it can lift the product every 5 seconds.<\/p>\n<h2 id=\"rtaccordion-canitdetectprintingerrors\"><button type=\"button\" data-bs-toggle=\"collapse\" data-bs-target=\"#rtaccordion-collapse-canitdetectprintingerrors\" aria-expanded=\"true\"><br \/>\nCan it detect printing errors? <\/button><\/h2>\n<p>For this operation, you should obtain our error detection device.<\/p>\n<h2 id=\"rtaccordion-howwilltheadhesiveapplicationprocesswork\"><button type=\"button\" data-bs-toggle=\"collapse\" data-bs-target=\"#rtaccordion-collapse-howwilltheadhesiveapplicationprocesswork\" aria-expanded=\"true\"><br \/>\nHow will the adhesive application process work? <\/button><\/h2>\n<p>After the robot lifts the product from the printing machine, you can use our automatic spray machine to spray the adhesive.<\/p>\n<h2 id=\"rtaccordion-doyouhaveafix-backunitforcollectingtheproducts\"><button type=\"button\" data-bs-toggle=\"collapse\" data-bs-target=\"#rtaccordion-collapse-doyouhaveafix-backunitforcollectingtheproducts\" aria-expanded=\"true\"><br \/>\nDo you have a fix-back unit for collecting the products? <\/button><\/h2>\n<p>We have two different models of fix-back collection machines.<\/p>\n<h2 id=\"rtaccordion-doyouworkonrobotneedsfordifferentsectors\"><button type=\"button\" data-bs-toggle=\"collapse\" data-bs-target=\"#rtaccordion-collapse-doyouworkonrobotneedsfordifferentsectors\" aria-expanded=\"true\"><br \/>\nDo you work on robot needs for different sectors? <\/button><\/h2>\n<p>Yes, for example, we have paper collection and paper laying robots for transfer printing machines. We also have different robot and application options for other sectors.<\/p>\n<h2 id=\"rtaccordion-howwilltheinstallationandtrainingbedone\"><button type=\"button\" data-bs-toggle=\"collapse\" data-bs-target=\"#rtaccordion-collapse-howwilltheinstallationandtrainingbedone\" aria-expanded=\"true\"><br \/>\nHow will the installation and training be done? <\/button><\/h2>\n<p>Installation and training are provided by us. It is easy to use and simple compared to other industrial robots.<\/p>\n<h2 id=\"rtaccordion-doyouhaveanyworkforweldingrobots\"><button type=\"button\" data-bs-toggle=\"collapse\" data-bs-target=\"#rtaccordion-collapse-doyouhaveanyworkforweldingrobots\" aria-expanded=\"true\"><br \/>\nDo you have any work for welding robots? <\/button><\/h2>\n<p>Yes, we have multi-axis robots for welding and CNC operations.<\/p>\n<h2 id=\"rtaccordion-canweusetherobotsforpalletizing\"><button type=\"button\" data-bs-toggle=\"collapse\" data-bs-target=\"#rtaccordion-collapse-canweusetherobotsforpalletizing\" aria-expanded=\"true\"><br \/>\nCan we use the robots for palletizing? <\/button><\/h2>\n<p>All of our robots can handle transport, lifting, and palletizing. However, for spraying, welding, and grinding operations, you should use our multi-axis robots.<\/p>\n<h2 id=\"rtaccordion-willihaveanyproblemswithserviceandspareparts\"><button type=\"button\" data-bs-toggle=\"collapse\" data-bs-target=\"#rtaccordion-collapse-willihaveanyproblemswithserviceandspareparts\" aria-expanded=\"true\"><br \/>\nWill I have any problems with service and spare parts? <\/button><\/h2>\n<p>We are a company that produces our own robots in Turkey, but some spare parts are of foreign origin. If they are not in stock, a certain amount of time is required for logistics and customs.<\/p>\n<h2 id=\"rtaccordion-doyouhavetheinfrastructuretorespondtomyserviceneeds\"><button type=\"button\" data-bs-toggle=\"collapse\" data-bs-target=\"#rtaccordion-collapse-doyouhavetheinfrastructuretorespondtomyserviceneeds\" aria-expanded=\"true\"><br \/>\nDo you have the infrastructure to respond to my service needs? <\/button><\/h2>\n<p>Yes, we have sufficient staff for service. We can reach a solution online for usage problems, and for mechanical problems, we can provide fast service within Istanbul. For service outside of Istanbul, it depends on transportation time.<\/p>\n","protected":false},"excerpt":{"rendered":"<p>Central Manufacturing Address LS ROBOT\u0130CS MAK\u0130NA \u0130MALAT \u0130THALAT \u0130HRACAT T\u0130CARET L\u0130M\u0130TED \u015e\u0130RKET\u0130 Fevzi \u00e7akmak mah. Zonguldak sk. No: 10APEND\u0130K\/\u0130STANBUL Email bilgi@lsrobotics.com Phone +90 553 745 97 02 0216 596 0 595 Branch Rok Makina M\u00fchendislik Address Orhangazi Mah.Mimsan San.Sit.1715 Sk.No:18 Esenyurt\/\u0130ST Email info@rokmakina.com Phone +90 541 429 35 30 European Distributor Address Bleis Unipessoal, Lda. [&hellip;]<\/p>\n","protected":false},"author":1,"featured_media":0,"parent":0,"menu_order":0,"comment_status":"closed","ping_status":"closed","template":"","meta":{"_monsterinsights_skip_tracking":false,"_monsterinsights_sitenote_active":false,"_monsterinsights_sitenote_note":"","_monsterinsights_sitenote_category":0,"footnotes":""},"class_list":["post-2406","page","type-page","status-publish","hentry"],"aioseo_notices":[],"_links":{"self":[{"href":"https:\/\/lsrobotics.com\/en\/wp-json\/wp\/v2\/pages\/2406","targetHints":{"allow":["GET"]}}],"collection":[{"href":"https:\/\/lsrobotics.com\/en\/wp-json\/wp\/v2\/pages"}],"about":[{"href":"https:\/\/lsrobotics.com\/en\/wp-json\/wp\/v2\/types\/page"}],"author":[{"embeddable":true,"href":"https:\/\/lsrobotics.com\/en\/wp-json\/wp\/v2\/users\/1"}],"replies":[{"embeddable":true,"href":"https:\/\/lsrobotics.com\/en\/wp-json\/wp\/v2\/comments?post=2406"}],"version-history":[{"count":95,"href":"https:\/\/lsrobotics.com\/en\/wp-json\/wp\/v2\/pages\/2406\/revisions"}],"predecessor-version":[{"id":8470,"href":"https:\/\/lsrobotics.com\/en\/wp-json\/wp\/v2\/pages\/2406\/revisions\/8470"}],"wp:attachment":[{"href":"https:\/\/lsrobotics.com\/en\/wp-json\/wp\/v2\/media?parent=2406"}],"curies":[{"name":"wp","href":"https:\/\/api.w.org\/{rel}","templated":true}]}}